{"id":583,"date":"2019-04-11T05:51:54","date_gmt":"2019-04-11T05:51:54","guid":{"rendered":"https:\/\/websitedemos.net\/life-coach-sara-john\/?post_type=product&amp;p=583"},"modified":"2019-04-11T05:51:54","modified_gmt":"2019-04-11T05:51:54","slug":"discovery-session","status":"publish","type":"product","link":"https:\/\/martina.vagacova.sk\/?product=discovery-session","title":{"rendered":"Discovery Session"},"content":{"rendered":"<p>Et harum quidem rerum facilis est et expedita distinctio. Nam libero tempore, cum soluta nobis est eligendi optio cumque nihil impedit quo minus id quod maxime placeat facere possimus, omnis voluptas assumenda est, omnis dolor repellendus. Temporibus autem quibusdam et aut officiis debitis aut rerum necessitatibus saepe eveniet ut et voluptates repudiandae sint et molestiae non recusandae. Itaque earum rerum hic tenetur a sapien.<\/p>\n<p>At vero eos et accusamus et iusto odio dignissimos ducimus qui blanditiis praesentium voluptatum deleniti atque corrupti quos dolores et quas molestias excepturi sint occaecati cupiditate non provident, similique sunt in culpa qui officia deserunt mollitia animi, id est laborum et dolorum fuga.<\/p>\n","protected":false},"excerpt":{"rendered":"<p>Lorem ipsum dolor sit amet, elit necessi tatibus saepe.<\/p>\n<p><strong>Duration : 60 MIN<\/strong><\/p>\n","protected":false},"featured_media":579,"comment_status":"open","ping_status":"closed","template":"","meta":{"_uag_custom_page_level_css":"","_monsterinsights_skip_tracking":false,"_monsterinsights_sitenote_active":false,"_monsterinsights_sitenote_note":"","_monsterinsights_sitenote_category":0,"site-sidebar-layout":"default","site-content-layout":"default","ast-site-content-layout":"default","site-content-style":"default","site-sidebar-style":"default","ast-global-header-display":"","ast-banner-title-visibility":"","ast-main-header-display":"","ast-hfb-above-header-display":"","ast-hfb-below-header-display":"","ast-hfb-mobile-header-display":"","site-post-title":"","ast-breadcrumbs-content":"","ast-featured-img":"","footer-sml-layout":"","ast-disable-related-posts":"","theme-transparent-header-meta":"default","adv-header-id-meta":"","stick-header-meta":"","header-above-stick-meta":"","header-main-stick-meta":"","header-below-stick-meta":"","astra-migrate-meta-layouts":"default","ast-page-background-enabled":"default","ast-page-background-meta":{"desktop":{"background-color":"var(--ast-global-color-4)","background-image":"","background-repeat":"repeat","background-position":"center center","background-size":"auto","background-attachment":"scroll","background-type":"","background-media":"","overlay-type":"","overlay-color":"","overlay-opacity":"","overlay-gradient":""},"tablet":{"background-color":"","background-image":"","background-repeat":"repeat","background-position":"center center","background-size":"auto","background-attachment":"scroll","background-type":"","background-media":"","overlay-type":"","overlay-color":"","overlay-opacity":"","overlay-gradient":""},"mobile":{"background-color":"","background-image":"","background-repeat":"repeat","background-position":"center center","background-size":"auto","background-attachment":"scroll","background-type":"","background-media":"","overlay-type":"","overlay-color":"","overlay-opacity":"","overlay-gradient":""}},"ast-content-background-meta":{"desktop":{"background-color":"var(--ast-global-color-5)","background-image":"","background-repeat":"repeat","background-position":"center center","background-size":"auto","background-attachment":"scroll","background-type":"","background-media":"","overlay-type":"","overlay-color":"","overlay-opacity":"","overlay-gradient":""},"tablet":{"background-color":"var(--ast-global-color-5)","background-image":"","background-repeat":"repeat","background-position":"center center","background-size":"auto","background-attachment":"scroll","background-type":"","background-media":"","overlay-type":"","overlay-color":"","overlay-opacity":"","overlay-gradient":""},"mobile":{"background-color":"var(--ast-global-color-5)","background-image":"","background-repeat":"repeat","background-position":"center center","background-size":"auto","background-attachment":"scroll","background-type":"","background-media":"","overlay-type":"","overlay-color":"","overlay-opacity":"","overlay-gradient":""}}},"product_brand":[],"product_cat":[28],"product_tag":[],"class_list":{"0":"post-583","1":"product","2":"type-product","3":"status-publish","4":"has-post-thumbnail","6":"product_cat-coaching","7":"desktop-align-left","8":"tablet-align-left","9":"mobile-align-left","11":"first","12":"instock","13":"shipping-taxable","14":"purchasable","15":"product-type-simple"},"yoast_head":"<!-- This site is optimized with the Yoast SEO plugin v27.4 - https:\/\/yoast.com\/product\/yoast-seo-wordpress\/ -->\n<title>Discovery Session - Martina Vaga\u010dov\u00e1<\/title>\n<meta name=\"robots\" content=\"index, follow, max-snippet:-1, max-image-preview:large, max-video-preview:-1\" \/>\n<link rel=\"canonical\" href=\"https:\/\/martina.vagacova.sk\/?product=discovery-session\" \/>\n<meta property=\"og:locale\" content=\"sk_SK\" \/>\n<meta property=\"og:type\" content=\"article\" \/>\n<meta property=\"og:title\" content=\"Discovery Session - Martina Vaga\u010dov\u00e1\" \/>\n<meta property=\"og:description\" content=\"Lorem ipsum dolor sit amet, elit necessi tatibus saepe. Duration : 60 MIN\" \/>\n<meta property=\"og:url\" content=\"https:\/\/martina.vagacova.sk\/?product=discovery-session\" \/>\n<meta property=\"og:site_name\" content=\"Martina Vaga\u010dov\u00e1\" \/>\n<meta property=\"og:image\" content=\"https:\/\/martina.vagacova.sk\/wp-content\/uploads\/2019\/03\/product1-free-img.jpg\" \/>\n\t<meta property=\"og:image:width\" content=\"800\" \/>\n\t<meta property=\"og:image:height\" content=\"600\" \/>\n\t<meta property=\"og:image:type\" content=\"image\/jpeg\" \/>\n<meta name=\"twitter:card\" content=\"summary_large_image\" \/>\n<meta name=\"twitter:label1\" content=\"Predpokladan\u00fd \u010das \u010d\u00edtania\" \/>\n\t<meta name=\"twitter:data1\" content=\"1 min\u00fata\" \/>\n<script type=\"application\/ld+json\" class=\"yoast-schema-graph\">{\"@context\":\"https:\\\/\\\/schema.org\",\"@graph\":[{\"@type\":\"WebPage\",\"@id\":\"https:\\\/\\\/martina.vagacova.sk\\\/?product=discovery-session\",\"url\":\"https:\\\/\\\/martina.vagacova.sk\\\/?product=discovery-session\",\"name\":\"Discovery Session - Martina Vaga\u010dov\u00e1\",\"isPartOf\":{\"@id\":\"https:\\\/\\\/martina.vagacova.sk\\\/#website\"},\"primaryImageOfPage\":{\"@id\":\"https:\\\/\\\/martina.vagacova.sk\\\/?product=discovery-session#primaryimage\"},\"image\":{\"@id\":\"https:\\\/\\\/martina.vagacova.sk\\\/?product=discovery-session#primaryimage\"},\"thumbnailUrl\":\"https:\\\/\\\/martina.vagacova.sk\\\/wp-content\\\/uploads\\\/2019\\\/03\\\/product1-free-img.jpg\",\"datePublished\":\"2019-04-11T05:51:54+00:00\",\"breadcrumb\":{\"@id\":\"https:\\\/\\\/martina.vagacova.sk\\\/?product=discovery-session#breadcrumb\"},\"inLanguage\":\"sk-SK\",\"potentialAction\":[{\"@type\":\"ReadAction\",\"target\":[\"https:\\\/\\\/martina.vagacova.sk\\\/?product=discovery-session\"]}]},{\"@type\":\"ImageObject\",\"inLanguage\":\"sk-SK\",\"@id\":\"https:\\\/\\\/martina.vagacova.sk\\\/?product=discovery-session#primaryimage\",\"url\":\"https:\\\/\\\/martina.vagacova.sk\\\/wp-content\\\/uploads\\\/2019\\\/03\\\/product1-free-img.jpg\",\"contentUrl\":\"https:\\\/\\\/martina.vagacova.sk\\\/wp-content\\\/uploads\\\/2019\\\/03\\\/product1-free-img.jpg\",\"width\":800,\"height\":600},{\"@type\":\"BreadcrumbList\",\"@id\":\"https:\\\/\\\/martina.vagacova.sk\\\/?product=discovery-session#breadcrumb\",\"itemListElement\":[{\"@type\":\"ListItem\",\"position\":1,\"name\":\"Home\",\"item\":\"https:\\\/\\\/martina.vagacova.sk\\\/\"},{\"@type\":\"ListItem\",\"position\":2,\"name\":\"Shop\",\"item\":\"https:\\\/\\\/martina.vagacova.sk\\\/?page_id=390\"},{\"@type\":\"ListItem\",\"position\":3,\"name\":\"Discovery Session\"}]},{\"@type\":\"WebSite\",\"@id\":\"https:\\\/\\\/martina.vagacova.sk\\\/#website\",\"url\":\"https:\\\/\\\/martina.vagacova.sk\\\/\",\"name\":\"Martina Vaga\u010dov\u00e1\",\"description\":\"rodi\u010dovsk\u00e9 poradenstvo\",\"publisher\":{\"@id\":\"https:\\\/\\\/martina.vagacova.sk\\\/#organization\"},\"potentialAction\":[{\"@type\":\"SearchAction\",\"target\":{\"@type\":\"EntryPoint\",\"urlTemplate\":\"https:\\\/\\\/martina.vagacova.sk\\\/?s={search_term_string}\"},\"query-input\":{\"@type\":\"PropertyValueSpecification\",\"valueRequired\":true,\"valueName\":\"search_term_string\"}}],\"inLanguage\":\"sk-SK\"},{\"@type\":\"Organization\",\"@id\":\"https:\\\/\\\/martina.vagacova.sk\\\/#organization\",\"name\":\"Martina Vaga\u010dov\u00e1\",\"url\":\"https:\\\/\\\/martina.vagacova.sk\\\/\",\"logo\":{\"@type\":\"ImageObject\",\"inLanguage\":\"sk-SK\",\"@id\":\"https:\\\/\\\/martina.vagacova.sk\\\/#\\\/schema\\\/logo\\\/image\\\/\",\"url\":\"https:\\\/\\\/martina.vagacova.sk\\\/wp-content\\\/uploads\\\/2019\\\/12\\\/cropped-Dom\u010dek-so-srdcom-1.jpg\",\"contentUrl\":\"https:\\\/\\\/martina.vagacova.sk\\\/wp-content\\\/uploads\\\/2019\\\/12\\\/cropped-Dom\u010dek-so-srdcom-1.jpg\",\"width\":211,\"height\":185,\"caption\":\"Martina Vaga\u010dov\u00e1\"},\"image\":{\"@id\":\"https:\\\/\\\/martina.vagacova.sk\\\/#\\\/schema\\\/logo\\\/image\\\/\"}}]}<\/script>\n<!-- \/ Yoast SEO plugin. -->","yoast_head_json":{"title":"Discovery Session - Martina Vaga\u010dov\u00e1","robots":{"index":"index","follow":"follow","max-snippet":"max-snippet:-1","max-image-preview":"max-image-preview:large","max-video-preview":"max-video-preview:-1"},"canonical":"https:\/\/martina.vagacova.sk\/?product=discovery-session","og_locale":"sk_SK","og_type":"article","og_title":"Discovery Session - Martina Vaga\u010dov\u00e1","og_description":"Lorem ipsum dolor sit amet, elit necessi tatibus saepe. Duration : 60 MIN","og_url":"https:\/\/martina.vagacova.sk\/?product=discovery-session","og_site_name":"Martina Vaga\u010dov\u00e1","og_image":[{"width":800,"height":600,"url":"https:\/\/martina.vagacova.sk\/wp-content\/uploads\/2019\/03\/product1-free-img.jpg","type":"image\/jpeg"}],"twitter_card":"summary_large_image","twitter_misc":{"Predpokladan\u00fd \u010das \u010d\u00edtania":"1 min\u00fata"},"schema":{"@context":"https:\/\/schema.org","@graph":[{"@type":"WebPage","@id":"https:\/\/martina.vagacova.sk\/?product=discovery-session","url":"https:\/\/martina.vagacova.sk\/?product=discovery-session","name":"Discovery Session - Martina Vaga\u010dov\u00e1","isPartOf":{"@id":"https:\/\/martina.vagacova.sk\/#website"},"primaryImageOfPage":{"@id":"https:\/\/martina.vagacova.sk\/?product=discovery-session#primaryimage"},"image":{"@id":"https:\/\/martina.vagacova.sk\/?product=discovery-session#primaryimage"},"thumbnailUrl":"https:\/\/martina.vagacova.sk\/wp-content\/uploads\/2019\/03\/product1-free-img.jpg","datePublished":"2019-04-11T05:51:54+00:00","breadcrumb":{"@id":"https:\/\/martina.vagacova.sk\/?product=discovery-session#breadcrumb"},"inLanguage":"sk-SK","potentialAction":[{"@type":"ReadAction","target":["https:\/\/martina.vagacova.sk\/?product=discovery-session"]}]},{"@type":"ImageObject","inLanguage":"sk-SK","@id":"https:\/\/martina.vagacova.sk\/?product=discovery-session#primaryimage","url":"https:\/\/martina.vagacova.sk\/wp-content\/uploads\/2019\/03\/product1-free-img.jpg","contentUrl":"https:\/\/martina.vagacova.sk\/wp-content\/uploads\/2019\/03\/product1-free-img.jpg","width":800,"height":600},{"@type":"BreadcrumbList","@id":"https:\/\/martina.vagacova.sk\/?product=discovery-session#breadcrumb","itemListElement":[{"@type":"ListItem","position":1,"name":"Home","item":"https:\/\/martina.vagacova.sk\/"},{"@type":"ListItem","position":2,"name":"Shop","item":"https:\/\/martina.vagacova.sk\/?page_id=390"},{"@type":"ListItem","position":3,"name":"Discovery Session"}]},{"@type":"WebSite","@id":"https:\/\/martina.vagacova.sk\/#website","url":"https:\/\/martina.vagacova.sk\/","name":"Martina Vaga\u010dov\u00e1","description":"rodi\u010dovsk\u00e9 poradenstvo","publisher":{"@id":"https:\/\/martina.vagacova.sk\/#organization"},"potentialAction":[{"@type":"SearchAction","target":{"@type":"EntryPoint","urlTemplate":"https:\/\/martina.vagacova.sk\/?s={search_term_string}"},"query-input":{"@type":"PropertyValueSpecification","valueRequired":true,"valueName":"search_term_string"}}],"inLanguage":"sk-SK"},{"@type":"Organization","@id":"https:\/\/martina.vagacova.sk\/#organization","name":"Martina Vaga\u010dov\u00e1","url":"https:\/\/martina.vagacova.sk\/","logo":{"@type":"ImageObject","inLanguage":"sk-SK","@id":"https:\/\/martina.vagacova.sk\/#\/schema\/logo\/image\/","url":"https:\/\/martina.vagacova.sk\/wp-content\/uploads\/2019\/12\/cropped-Dom\u010dek-so-srdcom-1.jpg","contentUrl":"https:\/\/martina.vagacova.sk\/wp-content\/uploads\/2019\/12\/cropped-Dom\u010dek-so-srdcom-1.jpg","width":211,"height":185,"caption":"Martina Vaga\u010dov\u00e1"},"image":{"@id":"https:\/\/martina.vagacova.sk\/#\/schema\/logo\/image\/"}}]}},"uagb_featured_image_src":{"full":["https:\/\/martina.vagacova.sk\/wp-content\/uploads\/2019\/03\/product1-free-img.jpg",800,600,false],"thumbnail":["https:\/\/martina.vagacova.sk\/wp-content\/uploads\/2019\/03\/product1-free-img-150x150.jpg",150,150,true],"medium":["https:\/\/martina.vagacova.sk\/wp-content\/uploads\/2019\/03\/product1-free-img-300x225.jpg",300,225,true],"medium_large":["https:\/\/martina.vagacova.sk\/wp-content\/uploads\/2019\/03\/product1-free-img-768x576.jpg",768,576,true],"large":["https:\/\/martina.vagacova.sk\/wp-content\/uploads\/2019\/03\/product1-free-img.jpg",800,600,false],"1536x1536":["https:\/\/martina.vagacova.sk\/wp-content\/uploads\/2019\/03\/product1-free-img.jpg",800,600,false],"2048x2048":["https:\/\/martina.vagacova.sk\/wp-content\/uploads\/2019\/03\/product1-free-img.jpg",800,600,false],"woocommerce_thumbnail":["https:\/\/martina.vagacova.sk\/wp-content\/uploads\/2019\/03\/product1-free-img-300x300.jpg",300,300,true],"woocommerce_single":["https:\/\/martina.vagacova.sk\/wp-content\/uploads\/2019\/03\/product1-free-img-600x450.jpg",600,450,true],"woocommerce_gallery_thumbnail":["https:\/\/martina.vagacova.sk\/wp-content\/uploads\/2019\/03\/product1-free-img-100x100.jpg",100,100,true]},"uagb_author_info":{"display_name":"mato","author_link":"https:\/\/martina.vagacova.sk\/?author=0"},"uagb_comment_info":0,"uagb_excerpt":"Lorem ipsum dolor sit amet, elit necessi tatibus saepe. Duration : 60 MIN","_links":{"self":[{"href":"https:\/\/martina.vagacova.sk\/index.php?rest_route=\/wp\/v2\/product\/583","targetHints":{"allow":["GET"]}}],"collection":[{"href":"https:\/\/martina.vagacova.sk\/index.php?rest_route=\/wp\/v2\/product"}],"about":[{"href":"https:\/\/martina.vagacova.sk\/index.php?rest_route=\/wp\/v2\/types\/product"}],"replies":[{"embeddable":true,"href":"https:\/\/martina.vagacova.sk\/index.php?rest_route=%2Fwp%2Fv2%2Fcomments&post=583"}],"wp:featuredmedia":[{"embeddable":true,"href":"https:\/\/martina.vagacova.sk\/index.php?rest_route=\/wp\/v2\/media\/579"}],"wp:attachment":[{"href":"https:\/\/martina.vagacova.sk\/index.php?rest_route=%2Fwp%2Fv2%2Fmedia&parent=583"}],"wp:term":[{"taxonomy":"product_brand","embeddable":true,"href":"https:\/\/martina.vagacova.sk\/index.php?rest_route=%2Fwp%2Fv2%2Fproduct_brand&post=583"},{"taxonomy":"product_cat","embeddable":true,"href":"https:\/\/martina.vagacova.sk\/index.php?rest_route=%2Fwp%2Fv2%2Fproduct_cat&post=583"},{"taxonomy":"product_tag","embeddable":true,"href":"https:\/\/martina.vagacova.sk\/index.php?rest_route=%2Fwp%2Fv2%2Fproduct_tag&post=583"}],"curies":[{"name":"wp","href":"https:\/\/api.w.org\/{rel}","templated":true}]}}