{"id":780,"date":"2019-03-21T13:32:59","date_gmt":"2019-03-21T13:32:59","guid":{"rendered":"http:\/\/harshad.sharkz.in\/?page_id=9"},"modified":"2021-02-13T18:28:04","modified_gmt":"2021-02-13T17:28:04","slug":"contact","status":"publish","type":"page","link":"https:\/\/martina.vagacova.sk\/?page_id=780","title":{"rendered":"Kontakt"},"content":{"rendered":"\t\t<div data-elementor-type=\"wp-post\" data-elementor-id=\"780\" class=\"elementor elementor-780\" data-elementor-settings=\"[]\">\n\t\t\t\t\t\t<div class=\"elementor-inner\">\n\t\t\t\t\t\t\t<div class=\"elementor-section-wrap\">\n\t\t\t\t\t\t\t<section class=\"elementor-section elementor-top-section elementor-element elementor-element-a289485 elementor-section-boxed elementor-section-height-default elementor-section-height-default\" data-id=\"a289485\" data-element_type=\"section\">\n\t\t\t\t\t\t<div class=\"elementor-container elementor-column-gap-wide\">\n\t\t\t\t\t\t\t<div class=\"elementor-row\">\n\t\t\t\t\t<div class=\"elementor-column elementor-col-33 elementor-top-column elementor-element elementor-element-b4f6b1c\" data-id=\"b4f6b1c\" data-element_type=\"column\">\n\t\t\t<div class=\"elementor-column-wrap elementor-element-populated\">\n\t\t\t\t\t\t\t<div class=\"elementor-widget-wrap\">\n\t\t\t\t\t\t<div class=\"elementor-element elementor-element-aa57bf7 elementor-widget-divider--view-line elementor-widget elementor-widget-divider\" data-id=\"aa57bf7\" data-element_type=\"widget\" data-widget_type=\"divider.default\">\n\t\t\t\t<div class=\"elementor-widget-container\">\n\t\t\t\t\t<div class=\"elementor-divider\">\n\t\t\t<span class=\"elementor-divider-separator\">\n\t\t\t\t\t\t<\/span>\n\t\t<\/div>\n\t\t\t\t<\/div>\n\t\t\t\t<\/div>\n\t\t\t\t<div class=\"elementor-element elementor-element-bb400d4 elementor-widget elementor-widget-heading\" data-id=\"bb400d4\" data-element_type=\"widget\" data-widget_type=\"heading.default\">\n\t\t\t\t<div class=\"elementor-widget-container\">\n\t\t\t<h2 class=\"elementor-heading-title elementor-size-default\">Kontakt<\/h2>\t\t<\/div>\n\t\t\t\t<\/div>\n\t\t\t\t<div class=\"elementor-element elementor-element-b0a3b4b elementor-widget elementor-widget-text-editor\" data-id=\"b0a3b4b\" data-element_type=\"widget\" data-widget_type=\"text-editor.default\">\n\t\t\t\t<div class=\"elementor-widget-container\">\n\t\t\t\t\t\t\t\t<div class=\"elementor-text-editor elementor-clearfix\">\n\t\t\t\t\t<p><strong>Poradensk\u00e1 miestnos\u0165:<\/strong><\/p>\t\t\t\t\t<\/div>\n\t\t\t\t\t\t<\/div>\n\t\t\t\t<\/div>\n\t\t\t\t<div class=\"elementor-element elementor-element-3585884 elementor-icon-list--layout-traditional elementor-list-item-link-full_width elementor-widget elementor-widget-icon-list\" data-id=\"3585884\" data-element_type=\"widget\" data-widget_type=\"icon-list.default\">\n\t\t\t\t<div class=\"elementor-widget-container\">\n\t\t\t\t\t<ul class=\"elementor-icon-list-items\">\n\t\t\t\t\t\t\t<li class=\"elementor-icon-list-item\">\n\t\t\t\t\t\t\t\t\t\t\t<span class=\"elementor-icon-list-icon\">\n\t\t\t\t\t\t\t<i aria-hidden=\"true\" class=\"fas fa-map-marker-alt\"><\/i>\t\t\t\t\t\t<\/span>\n\t\t\t\t\t\t\t\t\t\t<span class=\"elementor-icon-list-text\">\u0160pit\u00e1lska 20, Bratislava<\/span>\n\t\t\t\t\t\t\t\t\t<\/li>\n\t\t\t\t\t\t\t\t<li class=\"elementor-icon-list-item\">\n\t\t\t\t\t\t\t\t\t\t\t<span class=\"elementor-icon-list-icon\">\n\t\t\t\t\t\t\t<i aria-hidden=\"true\" class=\"fas fa-phone\"><\/i>\t\t\t\t\t\t<\/span>\n\t\t\t\t\t\t\t\t\t\t<span class=\"elementor-icon-list-text\">0903 159 488<\/span>\n\t\t\t\t\t\t\t\t\t<\/li>\n\t\t\t\t\t\t\t\t<li class=\"elementor-icon-list-item\">\n\t\t\t\t\t\t\t\t\t\t\t<span class=\"elementor-icon-list-icon\">\n\t\t\t\t\t\t\t<i aria-hidden=\"true\" class=\"far fa-envelope\"><\/i>\t\t\t\t\t\t<\/span>\n\t\t\t\t\t\t\t\t\t\t<span class=\"elementor-icon-list-text\"> info@efektivne-rodicovstvo.sk<\/span>\n\t\t\t\t\t\t\t\t\t<\/li>\n\t\t\t\t\t\t\t\t<li class=\"elementor-icon-list-item\">\n\t\t\t\t\t<a href=\"https:\/\/www.facebook.com\/efektivne.rodicovstvo.3\/\" target=\"_blank\">\t\t\t\t\t\t<span class=\"elementor-icon-list-icon\">\n\t\t\t\t\t\t\t<i aria-hidden=\"true\" class=\"fab fa-facebook-square\"><\/i>\t\t\t\t\t\t<\/span>\n\t\t\t\t\t\t\t\t\t\t<span class=\"elementor-icon-list-text\">Facebook Efekt\u00edvne rodi\u010dovstvo<\/span>\n\t\t\t\t\t\t\t\t\t\t\t<\/a>\n\t\t\t\t\t\t\t\t\t<\/li>\n\t\t\t\t\t\t\t\t<li class=\"elementor-icon-list-item\">\n\t\t\t\t\t<a href=\"https:\/\/www.instagram.com\/efektivne_rodicovstvo\/\" target=\"_blank\">\t\t\t\t\t\t<span class=\"elementor-icon-list-icon\">\n\t\t\t\t\t\t\t<i aria-hidden=\"true\" class=\"fab fa-instagram\"><\/i>\t\t\t\t\t\t<\/span>\n\t\t\t\t\t\t\t\t\t\t<span class=\"elementor-icon-list-text\">Instagram Efekt\u00edvne rodi\u010dovstvo<\/span>\n\t\t\t\t\t\t\t\t\t\t\t<\/a>\n\t\t\t\t\t\t\t\t\t<\/li>\n\t\t\t\t\t\t\t\t<li class=\"elementor-icon-list-item\">\n\t\t\t\t\t<a href=\"https:\/\/www.youtube.com\/channel\/UC834AQygxzoX1P8DMX1Znxw?view_as=subscriber\" target=\"_blank\">\t\t\t\t\t\t<span class=\"elementor-icon-list-icon\">\n\t\t\t\t\t\t\t<i aria-hidden=\"true\" class=\"fab fa-youtube\"><\/i>\t\t\t\t\t\t<\/span>\n\t\t\t\t\t\t\t\t\t\t<span class=\"elementor-icon-list-text\">Youtube Efekt\u00edvne rodi\u010dovstvo<\/span>\n\t\t\t\t\t\t\t\t\t\t\t<\/a>\n\t\t\t\t\t\t\t\t\t<\/li>\n\t\t\t\t\t\t<\/ul>\n\t\t\t\t<\/div>\n\t\t\t\t<\/div>\n\t\t\t\t<div class=\"elementor-element elementor-element-eed8e6c elementor-widget elementor-widget-google_maps\" data-id=\"eed8e6c\" data-element_type=\"widget\" data-widget_type=\"google_maps.default\">\n\t\t\t\t<div class=\"elementor-widget-container\">\n\t\t\t<div class=\"elementor-custom-embed\"><iframe frameborder=\"0\" scrolling=\"no\" marginheight=\"0\" marginwidth=\"0\" src=\"https:\/\/maps.google.com\/maps?q=%C5%A0pit%C3%A1lska%2020%2C%20Bratislava%E2%80%8B&amp;t=m&amp;z=16&amp;output=embed&amp;iwloc=near\" title=\"\u0160pit\u00e1lska 20, Bratislava\u200b\" aria-label=\"\u0160pit\u00e1lska 20, Bratislava\u200b\"><\/iframe><\/div>\t\t<\/div>\n\t\t\t\t<\/div>\n\t\t\t\t\t\t<\/div>\n\t\t\t\t\t<\/div>\n\t\t<\/div>\n\t\t\t\t<div class=\"elementor-column elementor-col-66 elementor-top-column elementor-element elementor-element-10f3da9\" data-id=\"10f3da9\" data-element_type=\"column\">\n\t\t\t<div class=\"elementor-column-wrap elementor-element-populated\">\n\t\t\t\t\t\t\t<div class=\"elementor-widget-wrap\">\n\t\t\t\t\t\t<div class=\"elementor-element elementor-element-6dba5f3 elementor-widget elementor-widget-shortcode\" data-id=\"6dba5f3\" data-element_type=\"widget\" data-widget_type=\"shortcode.default\">\n\t\t\t\t<div class=\"elementor-widget-container\">\n\t\t\t\t\t<div class=\"elementor-shortcode\"><div class=\"wpforms-container \" id=\"wpforms-778\"><form id=\"wpforms-form-778\" class=\"wpforms-validate wpforms-form\" data-formid=\"778\" method=\"post\" enctype=\"multipart\/form-data\" action=\"\/index.php?rest_route=%2Fwp%2Fv2%2Fpages%2F780\" data-token=\"0709474c66c4456df34117b7ef72f858\" data-token-time=\"1777125435\"><noscript class=\"wpforms-error-noscript\">Please enable JavaScript in your browser to complete this form.<\/noscript><div class=\"wpforms-field-container\"><div id=\"wpforms-778-field_0-container\" class=\"wpforms-field wpforms-field-name\" data-field-id=\"0\"><label class=\"wpforms-field-label\" for=\"wpforms-778-field_0\">Meno <span class=\"wpforms-required-label\">*<\/span><\/label><input type=\"text\" id=\"wpforms-778-field_0\" class=\"wpforms-field-large wpforms-field-required\" name=\"wpforms[fields][0]\" required><\/div><div id=\"wpforms-778-field_3-container\" class=\"wpforms-field wpforms-field-name\" data-field-id=\"3\"><label class=\"wpforms-field-label\" for=\"wpforms-778-field_3\">Priezvisko <span class=\"wpforms-required-label\">*<\/span><\/label><input type=\"text\" id=\"wpforms-778-field_3\" class=\"wpforms-field-large wpforms-field-required\" name=\"wpforms[fields][3]\" required><\/div><div id=\"wpforms-778-field_1-container\" class=\"wpforms-field wpforms-field-email\" data-field-id=\"1\"><label class=\"wpforms-field-label\" for=\"wpforms-778-field_1\">V\u00e1\u0161 Email <span class=\"wpforms-required-label\">*<\/span><\/label><input type=\"email\" id=\"wpforms-778-field_1\" class=\"wpforms-field-large wpforms-field-required\" name=\"wpforms[fields][1]\" spellcheck=\"false\" required><\/div><div id=\"wpforms-778-field_2-container\" class=\"wpforms-field wpforms-field-textarea\" data-field-id=\"2\"><label class=\"wpforms-field-label\" for=\"wpforms-778-field_2\">Va\u0161a spr\u00e1va <span class=\"wpforms-required-label\">*<\/span><\/label><textarea id=\"wpforms-778-field_2\" class=\"wpforms-field-medium wpforms-field-required\" name=\"wpforms[fields][2]\" required><\/textarea><\/div><\/div><!-- .wpforms-field-container --><div class=\"wpforms-field wpforms-field-hp\"><label for=\"wpforms-778-field-hp\" class=\"wpforms-field-label\">Website<\/label><input type=\"text\" name=\"wpforms[hp]\" id=\"wpforms-778-field-hp\" class=\"wpforms-field-medium\"><\/div><div class=\"wpforms-submit-container\" ><input type=\"hidden\" name=\"wpforms[id]\" value=\"778\"><input type=\"hidden\" name=\"page_title\" value=\"\"><input type=\"hidden\" name=\"page_url\" value=\"https:\/\/martina.vagacova.sk\/index.php?rest_route=\/wp\/v2\/pages\/780\"><input type=\"hidden\" name=\"url_referer\" value=\"\"><button type=\"submit\" name=\"wpforms[submit]\" id=\"wpforms-submit-778\" class=\"wpforms-submit\" data-alt-text=\"Posielam...\" data-submit-text=\"Posla\u0165\" aria-live=\"assertive\" value=\"wpforms-submit\">Posla\u0165<\/button><\/div><\/form><\/div>  <!-- .wpforms-container --><\/div>\n\t\t\t\t<\/div>\n\t\t\t\t<\/div>\n\t\t\t\t\t\t<\/div>\n\t\t\t\t\t<\/div>\n\t\t<\/div>\n\t\t\t\t\t\t\t\t<\/div>\n\t\t\t\t\t<\/div>\n\t\t<\/section>\n\t\t\t\t<section class=\"elementor-section elementor-top-section elementor-element elementor-element-ddc7e35 elementor-section-boxed elementor-section-height-default elementor-section-height-default\" data-id=\"ddc7e35\" data-element_type=\"section\">\n\t\t\t\t\t\t<div class=\"elementor-container elementor-column-gap-default\">\n\t\t\t\t\t\t\t<div class=\"elementor-row\">\n\t\t\t\t\t<div class=\"elementor-column elementor-col-100 elementor-top-column elementor-element elementor-element-5d0ebd7\" data-id=\"5d0ebd7\" data-element_type=\"column\">\n\t\t\t<div class=\"elementor-column-wrap elementor-element-populated\">\n\t\t\t\t\t\t\t<div class=\"elementor-widget-wrap\">\n\t\t\t\t\t\t<div class=\"elementor-element elementor-element-28c4e33 elementor-widget elementor-widget-heading\" data-id=\"28c4e33\" data-element_type=\"widget\" data-widget_type=\"heading.default\">\n\t\t\t\t<div class=\"elementor-widget-container\">\n\t\t\t<h1 class=\"elementor-heading-title elementor-size-default\"><a href=\"http:\/\/gabina.w@gmail.com\" target=\"_blank\" rel=\"nofollow\">Foto: gabina weissov\u00e1 <\/a><\/h1>\t\t<\/div>\n\t\t\t\t<\/div>\n\t\t\t\t\t\t<\/div>\n\t\t\t\t\t<\/div>\n\t\t<\/div>\n\t\t\t\t\t\t\t\t<\/div>\n\t\t\t\t\t<\/div>\n\t\t<\/section>\n\t\t\t\t<section class=\"elementor-section elementor-top-section elementor-element elementor-element-2f2f835 elementor-section-boxed elementor-section-height-default elementor-section-height-default\" data-id=\"2f2f835\" data-element_type=\"section\">\n\t\t\t\t\t\t<div class=\"elementor-container elementor-column-gap-default\">\n\t\t\t\t\t\t\t<div class=\"elementor-row\">\n\t\t\t\t\t<div class=\"elementor-column elementor-col-100 elementor-top-column elementor-element elementor-element-e8bd920\" data-id=\"e8bd920\" data-element_type=\"column\">\n\t\t\t<div class=\"elementor-column-wrap elementor-element-populated\">\n\t\t\t\t\t\t\t<div class=\"elementor-widget-wrap\">\n\t\t\t\t\t\t<div class=\"elementor-element elementor-element-58e2413 elementor-widget elementor-widget-heading\" data-id=\"58e2413\" data-element_type=\"widget\" data-widget_type=\"heading.default\">\n\t\t\t\t<div class=\"elementor-widget-container\">\n\t\t\t<h2 class=\"elementor-heading-title elementor-size-default\"><a href=\"https:\/\/efektivne-rodicovstvo.sk\/ochrana-osobnych-udajov\/\" target=\"_blank\" rel=\"nofollow\">Z\u00e1sady ochrany osobn\u00fdch \u00fadajov: tu<\/a><\/h2>\t\t<\/div>\n\t\t\t\t<\/div>\n\t\t\t\t\t\t<\/div>\n\t\t\t\t\t<\/div>\n\t\t<\/div>\n\t\t\t\t\t\t\t\t<\/div>\n\t\t\t\t\t<\/div>\n\t\t<\/section>\n\t\t\t\t\t\t<\/div>\n\t\t\t\t\t\t<\/div>\n\t\t\t\t\t<\/div>\n\t\t","protected":false},"excerpt":{"rendered":"<p>Kontakt Poradensk\u00e1 miestnos\u0165: \u0160pit\u00e1lska 20, Bratislava 0903 159 488 info@efektivne-rodicovstvo.sk Facebook Efekt\u00edvne rodi\u010dovstvo Instagram Efekt\u00edvne rodi\u010dovstvo Youtube Efekt\u00edvne rodi\u010dovstvo Foto: gabina weissov\u00e1 Z\u00e1sady ochrany osobn\u00fdch \u00fadajov: tu<\/p>\n","protected":false},"author":1,"featured_media":0,"parent":0,"menu_order":0,"comment_status":"closed","ping_status":"closed","template":"elementor_header_footer","meta":{"_uag_custom_page_level_css":"","_monsterinsights_skip_tracking":false,"_monsterinsights_sitenote_active":false,"_monsterinsights_sitenote_note":"","_monsterinsights_sitenote_category":0,"site-sidebar-layout":"no-sidebar","site-content-layout":"page-builder","ast-site-content-layout":"default","site-content-style":"default","site-sidebar-style":"default","ast-global-header-display":"","ast-banner-title-visibility":"","ast-main-header-display":"","ast-hfb-above-header-display":"","ast-hfb-below-header-display":"","ast-hfb-mobile-header-display":"","site-post-title":"disabled","ast-breadcrumbs-content":"","ast-featured-img":"disabled","footer-sml-layout":"","ast-disable-related-posts":"","theme-transparent-header-meta":"default","adv-header-id-meta":"","stick-header-meta":"","header-above-stick-meta":"","header-main-stick-meta":"","header-below-stick-meta":"","astra-migrate-meta-layouts":"default","ast-page-background-enabled":"default","ast-page-background-meta":{"desktop":{"background-color":"var(--ast-global-color-4)","background-image":"","background-repeat":"repeat","background-position":"center center","background-size":"auto","background-attachment":"scroll","background-type":"","background-media":"","overlay-type":"","overlay-color":"","overlay-opacity":"","overlay-gradient":""},"tablet":{"background-color":"","background-image":"","background-repeat":"repeat","background-position":"center center","background-size":"auto","background-attachment":"scroll","background-type":"","background-media":"","overlay-type":"","overlay-color":"","overlay-opacity":"","overlay-gradient":""},"mobile":{"background-color":"","background-image":"","background-repeat":"repeat","background-position":"center center","background-size":"auto","background-attachment":"scroll","background-type":"","background-media":"","overlay-type":"","overlay-color":"","overlay-opacity":"","overlay-gradient":""}},"ast-content-background-meta":{"desktop":{"background-color":"var(--ast-global-color-5)","background-image":"","background-repeat":"repeat","background-position":"center center","background-size":"auto","background-attachment":"scroll","background-type":"","background-media":"","overlay-type":"","overlay-color":"","overlay-opacity":"","overlay-gradient":""},"tablet":{"background-color":"var(--ast-global-color-5)","background-image":"","background-repeat":"repeat","background-position":"center center","background-size":"auto","background-attachment":"scroll","background-type":"","background-media":"","overlay-type":"","overlay-color":"","overlay-opacity":"","overlay-gradient":""},"mobile":{"background-color":"var(--ast-global-color-5)","background-image":"","background-repeat":"repeat","background-position":"center center","background-size":"auto","background-attachment":"scroll","background-type":"","background-media":"","overlay-type":"","overlay-color":"","overlay-opacity":"","overlay-gradient":""}},"footnotes":""},"class_list":["post-780","page","type-page","status-publish","hentry"],"yoast_head":"<!-- This site is optimized with the Yoast SEO plugin v27.4 - https:\/\/yoast.com\/product\/yoast-seo-wordpress\/ -->\n<title>Martina Vaga\u010dov\u00e1 rodi\u010dovsk\u00e1 a v\u00fdchovn\u00e1 poradky\u0148a<\/title>\n<meta name=\"description\" content=\"Venujem sa individu\u00e1lnej psychol\u00f3gii, poradenstvu a vzdel\u00e1vaniu vo v\u00fdchove. Som autorka knihy o v\u00fdchove: Ako pre\u017ei\u017e rodi\u010dovstvo - l\u00e1skav\u00fd sprievodca re\u0161pektuj\u00facim pr\u00edstupom.\" \/>\n<meta name=\"robots\" content=\"index, follow, max-snippet:-1, max-image-preview:large, max-video-preview:-1\" \/>\n<link rel=\"canonical\" href=\"https:\/\/martina.vagacova.sk\/?page_id=780\" \/>\n<meta property=\"og:locale\" content=\"sk_SK\" \/>\n<meta property=\"og:type\" content=\"article\" \/>\n<meta property=\"og:title\" content=\"Martina Vaga\u010dov\u00e1 rodi\u010dovsk\u00e1 a v\u00fdchovn\u00e1 poradky\u0148a\" \/>\n<meta property=\"og:description\" content=\"Venujem sa individu\u00e1lnej psychol\u00f3gii, poradenstvu a vzdel\u00e1vaniu vo v\u00fdchove. Som autorka knihy o v\u00fdchove: Ako pre\u017ei\u017e rodi\u010dovstvo - l\u00e1skav\u00fd sprievodca re\u0161pektuj\u00facim pr\u00edstupom.\" \/>\n<meta property=\"og:url\" content=\"https:\/\/martina.vagacova.sk\/?page_id=780\" \/>\n<meta property=\"og:site_name\" content=\"Martina Vaga\u010dov\u00e1\" \/>\n<meta property=\"article:modified_time\" content=\"2021-02-13T17:28:04+00:00\" \/>\n<meta name=\"twitter:card\" content=\"summary_large_image\" \/>\n<script type=\"application\/ld+json\" class=\"yoast-schema-graph\">{\"@context\":\"https:\\\/\\\/schema.org\",\"@graph\":[{\"@type\":\"WebPage\",\"@id\":\"https:\\\/\\\/martina.vagacova.sk\\\/?page_id=780\",\"url\":\"https:\\\/\\\/martina.vagacova.sk\\\/?page_id=780\",\"name\":\"Martina Vaga\u010dov\u00e1 rodi\u010dovsk\u00e1 a v\u00fdchovn\u00e1 poradky\u0148a\",\"isPartOf\":{\"@id\":\"https:\\\/\\\/martina.vagacova.sk\\\/#website\"},\"datePublished\":\"2019-03-21T13:32:59+00:00\",\"dateModified\":\"2021-02-13T17:28:04+00:00\",\"description\":\"Venujem sa individu\u00e1lnej psychol\u00f3gii, poradenstvu a vzdel\u00e1vaniu vo v\u00fdchove. Som autorka knihy o v\u00fdchove: Ako pre\u017ei\u017e rodi\u010dovstvo - l\u00e1skav\u00fd sprievodca re\u0161pektuj\u00facim pr\u00edstupom.\",\"breadcrumb\":{\"@id\":\"https:\\\/\\\/martina.vagacova.sk\\\/?page_id=780#breadcrumb\"},\"inLanguage\":\"sk-SK\",\"potentialAction\":[{\"@type\":\"ReadAction\",\"target\":[\"https:\\\/\\\/martina.vagacova.sk\\\/?page_id=780\"]}]},{\"@type\":\"BreadcrumbList\",\"@id\":\"https:\\\/\\\/martina.vagacova.sk\\\/?page_id=780#breadcrumb\",\"itemListElement\":[{\"@type\":\"ListItem\",\"position\":1,\"name\":\"Home\",\"item\":\"https:\\\/\\\/martina.vagacova.sk\\\/\"},{\"@type\":\"ListItem\",\"position\":2,\"name\":\"Kontakt\"}]},{\"@type\":\"WebSite\",\"@id\":\"https:\\\/\\\/martina.vagacova.sk\\\/#website\",\"url\":\"https:\\\/\\\/martina.vagacova.sk\\\/\",\"name\":\"Martina Vaga\u010dov\u00e1\",\"description\":\"rodi\u010dovsk\u00e9 poradenstvo\",\"publisher\":{\"@id\":\"https:\\\/\\\/martina.vagacova.sk\\\/#organization\"},\"potentialAction\":[{\"@type\":\"SearchAction\",\"target\":{\"@type\":\"EntryPoint\",\"urlTemplate\":\"https:\\\/\\\/martina.vagacova.sk\\\/?s={search_term_string}\"},\"query-input\":{\"@type\":\"PropertyValueSpecification\",\"valueRequired\":true,\"valueName\":\"search_term_string\"}}],\"inLanguage\":\"sk-SK\"},{\"@type\":\"Organization\",\"@id\":\"https:\\\/\\\/martina.vagacova.sk\\\/#organization\",\"name\":\"Martina Vaga\u010dov\u00e1\",\"url\":\"https:\\\/\\\/martina.vagacova.sk\\\/\",\"logo\":{\"@type\":\"ImageObject\",\"inLanguage\":\"sk-SK\",\"@id\":\"https:\\\/\\\/martina.vagacova.sk\\\/#\\\/schema\\\/logo\\\/image\\\/\",\"url\":\"https:\\\/\\\/martina.vagacova.sk\\\/wp-content\\\/uploads\\\/2019\\\/12\\\/cropped-Dom\u010dek-so-srdcom-1.jpg\",\"contentUrl\":\"https:\\\/\\\/martina.vagacova.sk\\\/wp-content\\\/uploads\\\/2019\\\/12\\\/cropped-Dom\u010dek-so-srdcom-1.jpg\",\"width\":211,\"height\":185,\"caption\":\"Martina Vaga\u010dov\u00e1\"},\"image\":{\"@id\":\"https:\\\/\\\/martina.vagacova.sk\\\/#\\\/schema\\\/logo\\\/image\\\/\"}}]}<\/script>\n<!-- \/ Yoast SEO plugin. -->","yoast_head_json":{"title":"Martina Vaga\u010dov\u00e1 rodi\u010dovsk\u00e1 a v\u00fdchovn\u00e1 poradky\u0148a","description":"Venujem sa individu\u00e1lnej psychol\u00f3gii, poradenstvu a vzdel\u00e1vaniu vo v\u00fdchove. Som autorka knihy o v\u00fdchove: Ako pre\u017ei\u017e rodi\u010dovstvo - l\u00e1skav\u00fd sprievodca re\u0161pektuj\u00facim pr\u00edstupom.","robots":{"index":"index","follow":"follow","max-snippet":"max-snippet:-1","max-image-preview":"max-image-preview:large","max-video-preview":"max-video-preview:-1"},"canonical":"https:\/\/martina.vagacova.sk\/?page_id=780","og_locale":"sk_SK","og_type":"article","og_title":"Martina Vaga\u010dov\u00e1 rodi\u010dovsk\u00e1 a v\u00fdchovn\u00e1 poradky\u0148a","og_description":"Venujem sa individu\u00e1lnej psychol\u00f3gii, poradenstvu a vzdel\u00e1vaniu vo v\u00fdchove. Som autorka knihy o v\u00fdchove: Ako pre\u017ei\u017e rodi\u010dovstvo - l\u00e1skav\u00fd sprievodca re\u0161pektuj\u00facim pr\u00edstupom.","og_url":"https:\/\/martina.vagacova.sk\/?page_id=780","og_site_name":"Martina Vaga\u010dov\u00e1","article_modified_time":"2021-02-13T17:28:04+00:00","twitter_card":"summary_large_image","schema":{"@context":"https:\/\/schema.org","@graph":[{"@type":"WebPage","@id":"https:\/\/martina.vagacova.sk\/?page_id=780","url":"https:\/\/martina.vagacova.sk\/?page_id=780","name":"Martina Vaga\u010dov\u00e1 rodi\u010dovsk\u00e1 a v\u00fdchovn\u00e1 poradky\u0148a","isPartOf":{"@id":"https:\/\/martina.vagacova.sk\/#website"},"datePublished":"2019-03-21T13:32:59+00:00","dateModified":"2021-02-13T17:28:04+00:00","description":"Venujem sa individu\u00e1lnej psychol\u00f3gii, poradenstvu a vzdel\u00e1vaniu vo v\u00fdchove. Som autorka knihy o v\u00fdchove: Ako pre\u017ei\u017e rodi\u010dovstvo - l\u00e1skav\u00fd sprievodca re\u0161pektuj\u00facim pr\u00edstupom.","breadcrumb":{"@id":"https:\/\/martina.vagacova.sk\/?page_id=780#breadcrumb"},"inLanguage":"sk-SK","potentialAction":[{"@type":"ReadAction","target":["https:\/\/martina.vagacova.sk\/?page_id=780"]}]},{"@type":"BreadcrumbList","@id":"https:\/\/martina.vagacova.sk\/?page_id=780#breadcrumb","itemListElement":[{"@type":"ListItem","position":1,"name":"Home","item":"https:\/\/martina.vagacova.sk\/"},{"@type":"ListItem","position":2,"name":"Kontakt"}]},{"@type":"WebSite","@id":"https:\/\/martina.vagacova.sk\/#website","url":"https:\/\/martina.vagacova.sk\/","name":"Martina Vaga\u010dov\u00e1","description":"rodi\u010dovsk\u00e9 poradenstvo","publisher":{"@id":"https:\/\/martina.vagacova.sk\/#organization"},"potentialAction":[{"@type":"SearchAction","target":{"@type":"EntryPoint","urlTemplate":"https:\/\/martina.vagacova.sk\/?s={search_term_string}"},"query-input":{"@type":"PropertyValueSpecification","valueRequired":true,"valueName":"search_term_string"}}],"inLanguage":"sk-SK"},{"@type":"Organization","@id":"https:\/\/martina.vagacova.sk\/#organization","name":"Martina Vaga\u010dov\u00e1","url":"https:\/\/martina.vagacova.sk\/","logo":{"@type":"ImageObject","inLanguage":"sk-SK","@id":"https:\/\/martina.vagacova.sk\/#\/schema\/logo\/image\/","url":"https:\/\/martina.vagacova.sk\/wp-content\/uploads\/2019\/12\/cropped-Dom\u010dek-so-srdcom-1.jpg","contentUrl":"https:\/\/martina.vagacova.sk\/wp-content\/uploads\/2019\/12\/cropped-Dom\u010dek-so-srdcom-1.jpg","width":211,"height":185,"caption":"Martina Vaga\u010dov\u00e1"},"image":{"@id":"https:\/\/martina.vagacova.sk\/#\/schema\/logo\/image\/"}}]}},"uagb_featured_image_src":{"full":false,"thumbnail":false,"medium":false,"medium_large":false,"large":false,"1536x1536":false,"2048x2048":false,"woocommerce_thumbnail":false,"woocommerce_single":false,"woocommerce_gallery_thumbnail":false},"uagb_author_info":{"display_name":"mato","author_link":"https:\/\/martina.vagacova.sk\/?author=1"},"uagb_comment_info":0,"uagb_excerpt":"Kontakt Poradensk\u00e1 miestnos\u0165: \u0160pit\u00e1lska 20, Bratislava 0903 159 488 info@efektivne-rodicovstvo.sk Facebook Efekt\u00edvne rodi\u010dovstvo Instagram Efekt\u00edvne rodi\u010dovstvo Youtube Efekt\u00edvne rodi\u010dovstvo Foto: gabina weissov\u00e1 Z\u00e1sady ochrany osobn\u00fdch \u00fadajov: tu","_links":{"self":[{"href":"https:\/\/martina.vagacova.sk\/index.php?rest_route=\/wp\/v2\/pages\/780","targetHints":{"allow":["GET"]}}],"collection":[{"href":"https:\/\/martina.vagacova.sk\/index.php?rest_route=\/wp\/v2\/pages"}],"about":[{"href":"https:\/\/martina.vagacova.sk\/index.php?rest_route=\/wp\/v2\/types\/page"}],"author":[{"embeddable":true,"href":"https:\/\/martina.vagacova.sk\/index.php?rest_route=\/wp\/v2\/users\/1"}],"replies":[{"embeddable":true,"href":"https:\/\/martina.vagacova.sk\/index.php?rest_route=%2Fwp%2Fv2%2Fcomments&post=780"}],"version-history":[{"count":7,"href":"https:\/\/martina.vagacova.sk\/index.php?rest_route=\/wp\/v2\/pages\/780\/revisions"}],"predecessor-version":[{"id":1322,"href":"https:\/\/martina.vagacova.sk\/index.php?rest_route=\/wp\/v2\/pages\/780\/revisions\/1322"}],"wp:attachment":[{"href":"https:\/\/martina.vagacova.sk\/index.php?rest_route=%2Fwp%2Fv2%2Fmedia&parent=780"}],"curies":[{"name":"wp","href":"https:\/\/api.w.org\/{rel}","templated":true}]}}