{"id":469,"date":"2019-04-05T23:05:44","date_gmt":"2019-04-05T23:05:44","guid":{"rendered":"http:\/\/harshad.sharkz.in\/?page_id=469"},"modified":"2019-11-15T17:28:46","modified_gmt":"2019-11-15T16:28:46","slug":"blog","status":"publish","type":"page","link":"https:\/\/martina.vagacova.sk\/?page_id=469","title":{"rendered":"Blog"},"content":{"rendered":"\n<section class=\"wp-block-uagb-section uagb-section__wrap uagb-section__background-gradient\" id=\"uagb-section-516967eb-81c0-4596-a2da-01ae17d46396\"><div class=\"uagb-section__overlay\"><\/div><div class=\"uagb-section__inner-wrap\">\n<h1 class=\"wp-block-heading\" style=\"text-align:left\">Blog<\/h1>\n\n\n\n<div style=\"height:30px\" aria-hidden=\"true\" class=\"wp-block-spacer\"><\/div>\n\n\n\n\t\t\t<div class=\"wp-block-uagb-post-grid uagb-post-grid  uagb-post__image-position-top uagb-post__image-enabled uagb-block-3c11e8c9-f8ba-40e9-b215-07b2175dff6a     uagb-post__items uagb-post__columns-2 is-grid uagb-post__columns-tablet-2 uagb-post__columns-mobile-1 uagb-post__equal-height\" data-total=\"1\" style=\"\">\n\n\t\t\t\t\t\t\t\t\t\t\t\t<article class=\"uagb-post__inner-wrap\">\t\t\t\t\t\t\t\t<div class='uagb-post__image'>\n\t\t\t\t\t\t\t\t\t<a href=\"https:\/\/martina.vagacova.sk\/?p=492\" target=\"_self\" rel=\"bookmark noopener noreferrer\" class='uagb-image-ratio-inherit'><img loading=\"lazy\" decoding=\"async\" width=\"1024\" height=\"580\" src=\"https:\/\/martina.vagacova.sk\/wp-content\/uploads\/2019\/04\/feature1-free-img-1024x580.jpg\" class=\"attachment-large size-large\" alt=\"\" srcset=\"https:\/\/martina.vagacova.sk\/wp-content\/uploads\/2019\/04\/feature1-free-img-1024x580.jpg 1024w, https:\/\/martina.vagacova.sk\/wp-content\/uploads\/2019\/04\/feature1-free-img-300x170.jpg 300w, https:\/\/martina.vagacova.sk\/wp-content\/uploads\/2019\/04\/feature1-free-img-768x435.jpg 768w, https:\/\/martina.vagacova.sk\/wp-content\/uploads\/2019\/04\/feature1-free-img-600x340.jpg 600w, https:\/\/martina.vagacova.sk\/wp-content\/uploads\/2019\/04\/feature1-free-img.jpg 1200w\" sizes=\"auto, (max-width: 1024px) 100vw, 1024px\" \/>\t\t\t\t\t<\/a>\n\t\t\t\t\t\t\t<\/div>\n\t\t\t\t\t\t<h4 class=\"uagb-post__title uagb-post__text\">\n\t\t\t\t<a href=\"https:\/\/martina.vagacova.sk\/?p=492\" target=\"_self\" rel=\"bookmark noopener noreferrer\">Voluptatem ausantium dol<\/a>\n\t\t\t<\/h4>\n\t\t\t\t\t\t<div class='uagb-post__text uagb-post-grid-byline'>\n\t\t\t\t\t\t\t\t<time datetime=\"2019-04-05T23:47:27+02:00\" class=\"uagb-post__date\">\n\t\t\t\t<span class=\"dashicons-calendar dashicons\"><\/span>\t\t\t\t\t5. apr\u00edla 2019\t\t\t\t<\/time>\n\t\t\t\t\t\t<\/div>\n\t\t\t\t\t\t\t<div class='uagb-post__text uagb-post__excerpt'>\n\t\t\t\t\t\n\t\t\t\tSed ut perspiciatis unde omnis iste natus error sit voluptatem accusantium doloremque laudantium totam rem aperiam&#8230;\t\t\t\t<\/div>\n\t\t\t\t\t\t<div class=\"uagb-post__text uagb-post__cta wp-block-button\">\n\t\t\t\t<a class=\"wp-block-button__link uagb-text-link\" style=\"\" href=\"https:\/\/martina.vagacova.sk\/?p=492\" target=\"_self\" rel=\"bookmark noopener noreferrer\">Read More<\/a>\n\t\t\t<\/div>\n\t\t\t\n\t\t\t\t\t\t\t\t\t<\/article>\n\t\t\t\t\t\t\t\t\t\t\t\t\t\t\t\t<article class=\"uagb-post__inner-wrap\">\t\t\t\t\t\t\t\t<div class='uagb-post__image'>\n\t\t\t\t\t\t\t\t\t<a href=\"https:\/\/martina.vagacova.sk\/?p=258\" target=\"_self\" rel=\"bookmark noopener noreferrer\" class='uagb-image-ratio-inherit'><img loading=\"lazy\" decoding=\"async\" width=\"1024\" height=\"580\" src=\"https:\/\/martina.vagacova.sk\/wp-content\/uploads\/2019\/04\/feature2-free-img-1024x580.jpg\" class=\"attachment-large size-large\" alt=\"\" srcset=\"https:\/\/martina.vagacova.sk\/wp-content\/uploads\/2019\/04\/feature2-free-img-1024x580.jpg 1024w, https:\/\/martina.vagacova.sk\/wp-content\/uploads\/2019\/04\/feature2-free-img-300x170.jpg 300w, https:\/\/martina.vagacova.sk\/wp-content\/uploads\/2019\/04\/feature2-free-img-768x435.jpg 768w, https:\/\/martina.vagacova.sk\/wp-content\/uploads\/2019\/04\/feature2-free-img-600x340.jpg 600w, https:\/\/martina.vagacova.sk\/wp-content\/uploads\/2019\/04\/feature2-free-img.jpg 1200w\" sizes=\"auto, (max-width: 1024px) 100vw, 1024px\" \/>\t\t\t\t\t<\/a>\n\t\t\t\t\t\t\t<\/div>\n\t\t\t\t\t\t<h4 class=\"uagb-post__title uagb-post__text\">\n\t\t\t\t<a href=\"https:\/\/martina.vagacova.sk\/?p=258\" target=\"_self\" rel=\"bookmark noopener noreferrer\">Sed do eiusmod tempor incid<\/a>\n\t\t\t<\/h4>\n\t\t\t\t\t\t<div class='uagb-post__text uagb-post-grid-byline'>\n\t\t\t\t\t\t\t\t<time datetime=\"2019-03-23T12:20:38+01:00\" class=\"uagb-post__date\">\n\t\t\t\t<span class=\"dashicons-calendar dashicons\"><\/span>\t\t\t\t\t23. marca 2019\t\t\t\t<\/time>\n\t\t\t\t\t\t<\/div>\n\t\t\t\t\t\t\t<div class='uagb-post__text uagb-post__excerpt'>\n\t\t\t\t\t\n\t\t\t\tSed ut perspiciatis unde omnis iste natus error sit voluptatem accusantium doloremque laudantium totam rem aperiam&#8230;\t\t\t\t<\/div>\n\t\t\t\t\t\t<div class=\"uagb-post__text uagb-post__cta wp-block-button\">\n\t\t\t\t<a class=\"wp-block-button__link uagb-text-link\" style=\"\" href=\"https:\/\/martina.vagacova.sk\/?p=258\" target=\"_self\" rel=\"bookmark noopener noreferrer\">Read More<\/a>\n\t\t\t<\/div>\n\t\t\t\n\t\t\t\t\t\t\t\t\t<\/article>\n\t\t\t\t\t\t\t\t\t\t\t\t\t\t\t\t<article class=\"uagb-post__inner-wrap\">\t\t\t\t\t\t\t\t<div class='uagb-post__image'>\n\t\t\t\t\t\t\t\t\t<a href=\"https:\/\/martina.vagacova.sk\/?p=259\" target=\"_self\" rel=\"bookmark noopener noreferrer\" class='uagb-image-ratio-inherit'><img loading=\"lazy\" decoding=\"async\" width=\"1024\" height=\"580\" src=\"https:\/\/martina.vagacova.sk\/wp-content\/uploads\/2019\/04\/feature3-free-img-1024x580.jpg\" class=\"attachment-large size-large\" alt=\"\" srcset=\"https:\/\/martina.vagacova.sk\/wp-content\/uploads\/2019\/04\/feature3-free-img-1024x580.jpg 1024w, https:\/\/martina.vagacova.sk\/wp-content\/uploads\/2019\/04\/feature3-free-img-300x170.jpg 300w, https:\/\/martina.vagacova.sk\/wp-content\/uploads\/2019\/04\/feature3-free-img-768x435.jpg 768w, https:\/\/martina.vagacova.sk\/wp-content\/uploads\/2019\/04\/feature3-free-img-600x340.jpg 600w, https:\/\/martina.vagacova.sk\/wp-content\/uploads\/2019\/04\/feature3-free-img.jpg 1200w\" sizes=\"auto, (max-width: 1024px) 100vw, 1024px\" \/>\t\t\t\t\t<\/a>\n\t\t\t\t\t\t\t<\/div>\n\t\t\t\t\t\t<h4 class=\"uagb-post__title uagb-post__text\">\n\t\t\t\t<a href=\"https:\/\/martina.vagacova.sk\/?p=259\" target=\"_self\" rel=\"bookmark noopener noreferrer\">Consectetur adipiscing elit<\/a>\n\t\t\t<\/h4>\n\t\t\t\t\t\t<div class='uagb-post__text uagb-post-grid-byline'>\n\t\t\t\t\t\t\t\t<time datetime=\"2019-02-14T12:20:38+01:00\" class=\"uagb-post__date\">\n\t\t\t\t<span class=\"dashicons-calendar dashicons\"><\/span>\t\t\t\t\t14. febru\u00e1ra 2019\t\t\t\t<\/time>\n\t\t\t\t\t\t<\/div>\n\t\t\t\t\t\t\t<div class='uagb-post__text uagb-post__excerpt'>\n\t\t\t\t\t\n\t\t\t\tSed ut perspiciatis unde omnis iste natus error sit voluptatem accusantium doloremque laudantium totam rem aperiam&#8230;\t\t\t\t<\/div>\n\t\t\t\t\t\t<div class=\"uagb-post__text uagb-post__cta wp-block-button\">\n\t\t\t\t<a class=\"wp-block-button__link uagb-text-link\" style=\"\" href=\"https:\/\/martina.vagacova.sk\/?p=259\" target=\"_self\" rel=\"bookmark noopener noreferrer\">Read More<\/a>\n\t\t\t<\/div>\n\t\t\t\n\t\t\t\t\t\t\t\t\t<\/article>\n\t\t\t\t\t\t\t\t\t\t\t\t\t\t\t\t<article class=\"uagb-post__inner-wrap\">\t\t\t\t\t\t\t\t<div class='uagb-post__image'>\n\t\t\t\t\t\t\t\t\t<a href=\"https:\/\/martina.vagacova.sk\/?p=260\" target=\"_self\" rel=\"bookmark noopener noreferrer\" class='uagb-image-ratio-inherit'><img loading=\"lazy\" decoding=\"async\" width=\"1024\" height=\"580\" src=\"https:\/\/martina.vagacova.sk\/wp-content\/uploads\/2019\/04\/feature4-free-img-1024x580.jpg\" class=\"attachment-large size-large\" alt=\"\" srcset=\"https:\/\/martina.vagacova.sk\/wp-content\/uploads\/2019\/04\/feature4-free-img-1024x580.jpg 1024w, https:\/\/martina.vagacova.sk\/wp-content\/uploads\/2019\/04\/feature4-free-img-300x170.jpg 300w, https:\/\/martina.vagacova.sk\/wp-content\/uploads\/2019\/04\/feature4-free-img-768x435.jpg 768w, https:\/\/martina.vagacova.sk\/wp-content\/uploads\/2019\/04\/feature4-free-img-600x340.jpg 600w, https:\/\/martina.vagacova.sk\/wp-content\/uploads\/2019\/04\/feature4-free-img.jpg 1200w\" sizes=\"auto, (max-width: 1024px) 100vw, 1024px\" \/>\t\t\t\t\t<\/a>\n\t\t\t\t\t\t\t<\/div>\n\t\t\t\t\t\t<h4 class=\"uagb-post__title uagb-post__text\">\n\t\t\t\t<a href=\"https:\/\/martina.vagacova.sk\/?p=260\" target=\"_self\" rel=\"bookmark noopener noreferrer\">Lorem ipsum dolor sit amet<\/a>\n\t\t\t<\/h4>\n\t\t\t\t\t\t<div class='uagb-post__text uagb-post-grid-byline'>\n\t\t\t\t\t\t\t\t<time datetime=\"2019-01-26T12:20:38+01:00\" class=\"uagb-post__date\">\n\t\t\t\t<span class=\"dashicons-calendar dashicons\"><\/span>\t\t\t\t\t26. janu\u00e1ra 2019\t\t\t\t<\/time>\n\t\t\t\t\t\t<\/div>\n\t\t\t\t\t\t\t<div class='uagb-post__text uagb-post__excerpt'>\n\t\t\t\t\t\n\t\t\t\tSed ut perspiciatis unde omnis iste natus error sit voluptatem accusantium doloremque laudantium totam rem aperiam&#8230;\t\t\t\t<\/div>\n\t\t\t\t\t\t<div class=\"uagb-post__text uagb-post__cta wp-block-button\">\n\t\t\t\t<a class=\"wp-block-button__link uagb-text-link\" style=\"\" href=\"https:\/\/martina.vagacova.sk\/?p=260\" target=\"_self\" rel=\"bookmark noopener noreferrer\">Read More<\/a>\n\t\t\t<\/div>\n\t\t\t\n\t\t\t\t\t\t\t\t\t<\/article>\n\t\t\t\t\t\t\t\t\t\t\t<\/div>\n\t\t\t<\/div><\/section>\n","protected":false},"excerpt":{"rendered":"","protected":false},"author":1,"featured_media":0,"parent":0,"menu_order":0,"comment_status":"closed","ping_status":"closed","template":"","meta":{"_uag_custom_page_level_css":"","_monsterinsights_skip_tracking":false,"_monsterinsights_sitenote_active":false,"_monsterinsights_sitenote_note":"","_monsterinsights_sitenote_category":0,"site-sidebar-layout":"no-sidebar","site-content-layout":"page-builder","ast-site-content-layout":"default","site-content-style":"default","site-sidebar-style":"default","ast-global-header-display":"","ast-banner-title-visibility":"","ast-main-header-display":"","ast-hfb-above-header-display":"","ast-hfb-below-header-display":"","ast-hfb-mobile-header-display":"","site-post-title":"disabled","ast-breadcrumbs-content":"","ast-featured-img":"","footer-sml-layout":"","ast-disable-related-posts":"","theme-transparent-header-meta":"default","adv-header-id-meta":"","stick-header-meta":"","header-above-stick-meta":"","header-main-stick-meta":"","header-below-stick-meta":"","astra-migrate-meta-layouts":"default","ast-page-background-enabled":"default","ast-page-background-meta":{"desktop":{"background-color":"var(--ast-global-color-4)","background-image":"","background-repeat":"repeat","background-position":"center center","background-size":"auto","background-attachment":"scroll","background-type":"","background-media":"","overlay-type":"","overlay-color":"","overlay-opacity":"","overlay-gradient":""},"tablet":{"background-color":"","background-image":"","background-repeat":"repeat","background-position":"center center","background-size":"auto","background-attachment":"scroll","background-type":"","background-media":"","overlay-type":"","overlay-color":"","overlay-opacity":"","overlay-gradient":""},"mobile":{"background-color":"","background-image":"","background-repeat":"repeat","background-position":"center center","background-size":"auto","background-attachment":"scroll","background-type":"","background-media":"","overlay-type":"","overlay-color":"","overlay-opacity":"","overlay-gradient":""}},"ast-content-background-meta":{"desktop":{"background-color":"var(--ast-global-color-5)","background-image":"","background-repeat":"repeat","background-position":"center center","background-size":"auto","background-attachment":"scroll","background-type":"","background-media":"","overlay-type":"","overlay-color":"","overlay-opacity":"","overlay-gradient":""},"tablet":{"background-color":"var(--ast-global-color-5)","background-image":"","background-repeat":"repeat","background-position":"center center","background-size":"auto","background-attachment":"scroll","background-type":"","background-media":"","overlay-type":"","overlay-color":"","overlay-opacity":"","overlay-gradient":""},"mobile":{"background-color":"var(--ast-global-color-5)","background-image":"","background-repeat":"repeat","background-position":"center center","background-size":"auto","background-attachment":"scroll","background-type":"","background-media":"","overlay-type":"","overlay-color":"","overlay-opacity":"","overlay-gradient":""}},"footnotes":""},"class_list":["post-469","page","type-page","status-publish","hentry"],"yoast_head":"<!-- This site is optimized with the Yoast SEO plugin v27.4 - https:\/\/yoast.com\/product\/yoast-seo-wordpress\/ -->\n<title>Blog - Martina Vaga\u010dov\u00e1<\/title>\n<meta name=\"robots\" content=\"index, follow, max-snippet:-1, max-image-preview:large, max-video-preview:-1\" \/>\n<link rel=\"canonical\" href=\"https:\/\/martina.vagacova.sk\/?page_id=469\" \/>\n<meta property=\"og:locale\" content=\"sk_SK\" \/>\n<meta property=\"og:type\" content=\"article\" \/>\n<meta property=\"og:title\" content=\"Blog - Martina Vaga\u010dov\u00e1\" \/>\n<meta property=\"og:url\" content=\"https:\/\/martina.vagacova.sk\/?page_id=469\" \/>\n<meta property=\"og:site_name\" content=\"Martina Vaga\u010dov\u00e1\" \/>\n<meta property=\"article:modified_time\" content=\"2019-11-15T16:28:46+00:00\" \/>\n<meta name=\"twitter:card\" content=\"summary_large_image\" \/>\n<script type=\"application\/ld+json\" class=\"yoast-schema-graph\">{\"@context\":\"https:\\\/\\\/schema.org\",\"@graph\":[{\"@type\":\"WebPage\",\"@id\":\"https:\\\/\\\/martina.vagacova.sk\\\/?page_id=469\",\"url\":\"https:\\\/\\\/martina.vagacova.sk\\\/?page_id=469\",\"name\":\"Blog - Martina Vaga\u010dov\u00e1\",\"isPartOf\":{\"@id\":\"https:\\\/\\\/martina.vagacova.sk\\\/#website\"},\"datePublished\":\"2019-04-05T23:05:44+00:00\",\"dateModified\":\"2019-11-15T16:28:46+00:00\",\"breadcrumb\":{\"@id\":\"https:\\\/\\\/martina.vagacova.sk\\\/?page_id=469#breadcrumb\"},\"inLanguage\":\"sk-SK\",\"potentialAction\":[{\"@type\":\"ReadAction\",\"target\":[\"https:\\\/\\\/martina.vagacova.sk\\\/?page_id=469\"]}]},{\"@type\":\"BreadcrumbList\",\"@id\":\"https:\\\/\\\/martina.vagacova.sk\\\/?page_id=469#breadcrumb\",\"itemListElement\":[{\"@type\":\"ListItem\",\"position\":1,\"name\":\"Home\",\"item\":\"https:\\\/\\\/martina.vagacova.sk\\\/\"},{\"@type\":\"ListItem\",\"position\":2,\"name\":\"Blog\"}]},{\"@type\":\"WebSite\",\"@id\":\"https:\\\/\\\/martina.vagacova.sk\\\/#website\",\"url\":\"https:\\\/\\\/martina.vagacova.sk\\\/\",\"name\":\"Martina Vaga\u010dov\u00e1\",\"description\":\"rodi\u010dovsk\u00e9 poradenstvo\",\"publisher\":{\"@id\":\"https:\\\/\\\/martina.vagacova.sk\\\/#organization\"},\"potentialAction\":[{\"@type\":\"SearchAction\",\"target\":{\"@type\":\"EntryPoint\",\"urlTemplate\":\"https:\\\/\\\/martina.vagacova.sk\\\/?s={search_term_string}\"},\"query-input\":{\"@type\":\"PropertyValueSpecification\",\"valueRequired\":true,\"valueName\":\"search_term_string\"}}],\"inLanguage\":\"sk-SK\"},{\"@type\":\"Organization\",\"@id\":\"https:\\\/\\\/martina.vagacova.sk\\\/#organization\",\"name\":\"Martina Vaga\u010dov\u00e1\",\"url\":\"https:\\\/\\\/martina.vagacova.sk\\\/\",\"logo\":{\"@type\":\"ImageObject\",\"inLanguage\":\"sk-SK\",\"@id\":\"https:\\\/\\\/martina.vagacova.sk\\\/#\\\/schema\\\/logo\\\/image\\\/\",\"url\":\"https:\\\/\\\/martina.vagacova.sk\\\/wp-content\\\/uploads\\\/2019\\\/12\\\/cropped-Dom\u010dek-so-srdcom-1.jpg\",\"contentUrl\":\"https:\\\/\\\/martina.vagacova.sk\\\/wp-content\\\/uploads\\\/2019\\\/12\\\/cropped-Dom\u010dek-so-srdcom-1.jpg\",\"width\":211,\"height\":185,\"caption\":\"Martina Vaga\u010dov\u00e1\"},\"image\":{\"@id\":\"https:\\\/\\\/martina.vagacova.sk\\\/#\\\/schema\\\/logo\\\/image\\\/\"}}]}<\/script>\n<!-- \/ Yoast SEO plugin. -->","yoast_head_json":{"title":"Blog - Martina Vaga\u010dov\u00e1","robots":{"index":"index","follow":"follow","max-snippet":"max-snippet:-1","max-image-preview":"max-image-preview:large","max-video-preview":"max-video-preview:-1"},"canonical":"https:\/\/martina.vagacova.sk\/?page_id=469","og_locale":"sk_SK","og_type":"article","og_title":"Blog - Martina Vaga\u010dov\u00e1","og_url":"https:\/\/martina.vagacova.sk\/?page_id=469","og_site_name":"Martina Vaga\u010dov\u00e1","article_modified_time":"2019-11-15T16:28:46+00:00","twitter_card":"summary_large_image","schema":{"@context":"https:\/\/schema.org","@graph":[{"@type":"WebPage","@id":"https:\/\/martina.vagacova.sk\/?page_id=469","url":"https:\/\/martina.vagacova.sk\/?page_id=469","name":"Blog - Martina Vaga\u010dov\u00e1","isPartOf":{"@id":"https:\/\/martina.vagacova.sk\/#website"},"datePublished":"2019-04-05T23:05:44+00:00","dateModified":"2019-11-15T16:28:46+00:00","breadcrumb":{"@id":"https:\/\/martina.vagacova.sk\/?page_id=469#breadcrumb"},"inLanguage":"sk-SK","potentialAction":[{"@type":"ReadAction","target":["https:\/\/martina.vagacova.sk\/?page_id=469"]}]},{"@type":"BreadcrumbList","@id":"https:\/\/martina.vagacova.sk\/?page_id=469#breadcrumb","itemListElement":[{"@type":"ListItem","position":1,"name":"Home","item":"https:\/\/martina.vagacova.sk\/"},{"@type":"ListItem","position":2,"name":"Blog"}]},{"@type":"WebSite","@id":"https:\/\/martina.vagacova.sk\/#website","url":"https:\/\/martina.vagacova.sk\/","name":"Martina Vaga\u010dov\u00e1","description":"rodi\u010dovsk\u00e9 poradenstvo","publisher":{"@id":"https:\/\/martina.vagacova.sk\/#organization"},"potentialAction":[{"@type":"SearchAction","target":{"@type":"EntryPoint","urlTemplate":"https:\/\/martina.vagacova.sk\/?s={search_term_string}"},"query-input":{"@type":"PropertyValueSpecification","valueRequired":true,"valueName":"search_term_string"}}],"inLanguage":"sk-SK"},{"@type":"Organization","@id":"https:\/\/martina.vagacova.sk\/#organization","name":"Martina Vaga\u010dov\u00e1","url":"https:\/\/martina.vagacova.sk\/","logo":{"@type":"ImageObject","inLanguage":"sk-SK","@id":"https:\/\/martina.vagacova.sk\/#\/schema\/logo\/image\/","url":"https:\/\/martina.vagacova.sk\/wp-content\/uploads\/2019\/12\/cropped-Dom\u010dek-so-srdcom-1.jpg","contentUrl":"https:\/\/martina.vagacova.sk\/wp-content\/uploads\/2019\/12\/cropped-Dom\u010dek-so-srdcom-1.jpg","width":211,"height":185,"caption":"Martina Vaga\u010dov\u00e1"},"image":{"@id":"https:\/\/martina.vagacova.sk\/#\/schema\/logo\/image\/"}}]}},"uagb_featured_image_src":{"full":false,"thumbnail":false,"medium":false,"medium_large":false,"large":false,"1536x1536":false,"2048x2048":false,"woocommerce_thumbnail":false,"woocommerce_single":false,"woocommerce_gallery_thumbnail":false},"uagb_author_info":{"display_name":"mato","author_link":"https:\/\/martina.vagacova.sk\/?author=1"},"uagb_comment_info":0,"uagb_excerpt":null,"_links":{"self":[{"href":"https:\/\/martina.vagacova.sk\/index.php?rest_route=\/wp\/v2\/pages\/469","targetHints":{"allow":["GET"]}}],"collection":[{"href":"https:\/\/martina.vagacova.sk\/index.php?rest_route=\/wp\/v2\/pages"}],"about":[{"href":"https:\/\/martina.vagacova.sk\/index.php?rest_route=\/wp\/v2\/types\/page"}],"author":[{"embeddable":true,"href":"https:\/\/martina.vagacova.sk\/index.php?rest_route=\/wp\/v2\/users\/1"}],"replies":[{"embeddable":true,"href":"https:\/\/martina.vagacova.sk\/index.php?rest_route=%2Fwp%2Fv2%2Fcomments&post=469"}],"version-history":[{"count":1,"href":"https:\/\/martina.vagacova.sk\/index.php?rest_route=\/wp\/v2\/pages\/469\/revisions"}],"predecessor-version":[{"id":784,"href":"https:\/\/martina.vagacova.sk\/index.php?rest_route=\/wp\/v2\/pages\/469\/revisions\/784"}],"wp:attachment":[{"href":"https:\/\/martina.vagacova.sk\/index.php?rest_route=%2Fwp%2Fv2%2Fmedia&parent=469"}],"curies":[{"name":"wp","href":"https:\/\/api.w.org\/{rel}","templated":true}]}}