{"id":393,"date":"2019-03-29T07:46:17","date_gmt":"2019-03-29T07:46:17","guid":{"rendered":"http:\/\/harshad.sharkz.in\/my-account\/"},"modified":"2019-11-24T16:57:11","modified_gmt":"2019-11-24T15:57:11","slug":"my-account","status":"publish","type":"page","link":"https:\/\/martina.vagacova.sk\/?page_id=393","title":{"rendered":"My account"},"content":{"rendered":"<div class=\"woocommerce\"><div class=\"woocommerce-notices-wrapper\"><\/div>\n\n\t\t<h2>Prihl\u00e1senie<\/h2>\n\n\t\t<form class=\"woocommerce-form woocommerce-form-login login\" method=\"post\" novalidate>\n\n\t\t\t\n\t\t\t<p class=\"woocommerce-form-row woocommerce-form-row--wide form-row form-row-wide\">\n\t\t\t\t<label for=\"username\">Pou\u017e\u00edvate\u013esk\u00e9 meno alebo e-mailov\u00e1 adresa&nbsp;<span class=\"required\" aria-hidden=\"true\">*<\/span><span class=\"screen-reader-text\">Povinn\u00e9<\/span><\/label>\n\t\t\t\t<input type=\"text\" class=\"woocommerce-Input woocommerce-Input--text input-text\" name=\"username\" id=\"username\" autocomplete=\"username\" value=\"\" required aria-required=\"true\" \/>\t\t\t<\/p>\n\t\t\t<p class=\"woocommerce-form-row woocommerce-form-row--wide form-row form-row-wide\">\n\t\t\t\t<label for=\"password\">Heslo&nbsp;<span class=\"required\" aria-hidden=\"true\">*<\/span><span class=\"screen-reader-text\">Povinn\u00e9<\/span><\/label>\n\t\t\t\t<input class=\"woocommerce-Input woocommerce-Input--text input-text\" type=\"password\" name=\"password\" id=\"password\" autocomplete=\"current-password\" required aria-required=\"true\" \/>\n\t\t\t<\/p>\n\n\t\t\t\n\t\t\t<p class=\"form-row\">\n\t\t\t\t<label class=\"woocommerce-form__label woocommerce-form__label-for-checkbox woocommerce-form-login__rememberme\">\n\t\t\t\t\t<input class=\"woocommerce-form__input woocommerce-form__input-checkbox\" name=\"rememberme\" type=\"checkbox\" id=\"rememberme\" value=\"forever\" \/> <span>Zapam\u00e4ta\u0165 si ma<\/span>\n\t\t\t\t<\/label>\n\t\t\t\t<input type=\"hidden\" id=\"woocommerce-login-nonce\" name=\"woocommerce-login-nonce\" value=\"d2875236b2\" \/><input type=\"hidden\" name=\"_wp_http_referer\" value=\"\/index.php?rest_route=%2Fwp%2Fv2%2Fpages%2F393\" \/>\t\t\t\t<button type=\"submit\" class=\"woocommerce-button button woocommerce-form-login__submit\" name=\"login\" value=\"Prihl\u00e1si\u0165\">Prihl\u00e1si\u0165<\/button>\n\t\t\t<\/p>\n\t\t\t<p class=\"woocommerce-LostPassword lost_password\">\n\t\t\t\t<a href=\"https:\/\/martina.vagacova.sk\/?page_id=393&#038;lost-password\">Zabudli ste heslo?<\/a>\n\t\t\t<\/p>\n\n\t\t\t\n\t\t<\/form>\n\n\n<\/div>\n","protected":false},"excerpt":{"rendered":"","protected":false},"author":1,"featured_media":0,"parent":0,"menu_order":0,"comment_status":"closed","ping_status":"closed","template":"","meta":{"_uag_custom_page_level_css":"","_monsterinsights_skip_tracking":false,"_monsterinsights_sitenote_active":false,"_monsterinsights_sitenote_note":"","_monsterinsights_sitenote_category":0,"site-sidebar-layout":"default","site-content-layout":"default","ast-site-content-layout":"default","site-content-style":"default","site-sidebar-style":"default","ast-global-header-display":"","ast-banner-title-visibility":"","ast-main-header-display":"","ast-hfb-above-header-display":"","ast-hfb-below-header-display":"","ast-hfb-mobile-header-display":"","site-post-title":"","ast-breadcrumbs-content":"","ast-featured-img":"","footer-sml-layout":"","ast-disable-related-posts":"","theme-transparent-header-meta":"default","adv-header-id-meta":"","stick-header-meta":"","header-above-stick-meta":"","header-main-stick-meta":"","header-below-stick-meta":"","astra-migrate-meta-layouts":"default","ast-page-background-enabled":"default","ast-page-background-meta":{"desktop":{"background-color":"var(--ast-global-color-4)","background-image":"","background-repeat":"repeat","background-position":"center center","background-size":"auto","background-attachment":"scroll","background-type":"","background-media":"","overlay-type":"","overlay-color":"","overlay-opacity":"","overlay-gradient":""},"tablet":{"background-color":"","background-image":"","background-repeat":"repeat","background-position":"center center","background-size":"auto","background-attachment":"scroll","background-type":"","background-media":"","overlay-type":"","overlay-color":"","overlay-opacity":"","overlay-gradient":""},"mobile":{"background-color":"","background-image":"","background-repeat":"repeat","background-position":"center center","background-size":"auto","background-attachment":"scroll","background-type":"","background-media":"","overlay-type":"","overlay-color":"","overlay-opacity":"","overlay-gradient":""}},"ast-content-background-meta":{"desktop":{"background-color":"var(--ast-global-color-5)","background-image":"","background-repeat":"repeat","background-position":"center center","background-size":"auto","background-attachment":"scroll","background-type":"","background-media":"","overlay-type":"","overlay-color":"","overlay-opacity":"","overlay-gradient":""},"tablet":{"background-color":"var(--ast-global-color-5)","background-image":"","background-repeat":"repeat","background-position":"center center","background-size":"auto","background-attachment":"scroll","background-type":"","background-media":"","overlay-type":"","overlay-color":"","overlay-opacity":"","overlay-gradient":""},"mobile":{"background-color":"var(--ast-global-color-5)","background-image":"","background-repeat":"repeat","background-position":"center center","background-size":"auto","background-attachment":"scroll","background-type":"","background-media":"","overlay-type":"","overlay-color":"","overlay-opacity":"","overlay-gradient":""}},"footnotes":""},"class_list":["post-393","page","type-page","status-publish","hentry"],"yoast_head":"<!-- This site is optimized with the Yoast SEO plugin v27.4 - https:\/\/yoast.com\/product\/yoast-seo-wordpress\/ -->\n<title>My account - Martina Vaga\u010dov\u00e1<\/title>\n<meta name=\"robots\" content=\"index, follow, max-snippet:-1, max-image-preview:large, max-video-preview:-1\" \/>\n<link rel=\"canonical\" href=\"https:\/\/martina.vagacova.sk\/?page_id=393\" \/>\n<meta property=\"og:locale\" content=\"sk_SK\" \/>\n<meta property=\"og:type\" content=\"article\" \/>\n<meta property=\"og:title\" content=\"My account - Martina Vaga\u010dov\u00e1\" \/>\n<meta property=\"og:url\" content=\"https:\/\/martina.vagacova.sk\/?page_id=393\" \/>\n<meta property=\"og:site_name\" content=\"Martina Vaga\u010dov\u00e1\" \/>\n<meta property=\"article:modified_time\" content=\"2019-11-24T15:57:11+00:00\" \/>\n<meta name=\"twitter:card\" content=\"summary_large_image\" \/>\n<script type=\"application\/ld+json\" class=\"yoast-schema-graph\">{\"@context\":\"https:\\\/\\\/schema.org\",\"@graph\":[{\"@type\":\"WebPage\",\"@id\":\"https:\\\/\\\/martina.vagacova.sk\\\/?page_id=393\",\"url\":\"https:\\\/\\\/martina.vagacova.sk\\\/?page_id=393\",\"name\":\"My account - Martina Vaga\u010dov\u00e1\",\"isPartOf\":{\"@id\":\"https:\\\/\\\/martina.vagacova.sk\\\/#website\"},\"datePublished\":\"2019-03-29T07:46:17+00:00\",\"dateModified\":\"2019-11-24T15:57:11+00:00\",\"breadcrumb\":{\"@id\":\"https:\\\/\\\/martina.vagacova.sk\\\/?page_id=393#breadcrumb\"},\"inLanguage\":\"sk-SK\",\"potentialAction\":[{\"@type\":\"ReadAction\",\"target\":[\"https:\\\/\\\/martina.vagacova.sk\\\/?page_id=393\"]}]},{\"@type\":\"BreadcrumbList\",\"@id\":\"https:\\\/\\\/martina.vagacova.sk\\\/?page_id=393#breadcrumb\",\"itemListElement\":[{\"@type\":\"ListItem\",\"position\":1,\"name\":\"Home\",\"item\":\"https:\\\/\\\/martina.vagacova.sk\\\/\"},{\"@type\":\"ListItem\",\"position\":2,\"name\":\"My account\"}]},{\"@type\":\"WebSite\",\"@id\":\"https:\\\/\\\/martina.vagacova.sk\\\/#website\",\"url\":\"https:\\\/\\\/martina.vagacova.sk\\\/\",\"name\":\"Martina Vaga\u010dov\u00e1\",\"description\":\"rodi\u010dovsk\u00e9 poradenstvo\",\"publisher\":{\"@id\":\"https:\\\/\\\/martina.vagacova.sk\\\/#organization\"},\"potentialAction\":[{\"@type\":\"SearchAction\",\"target\":{\"@type\":\"EntryPoint\",\"urlTemplate\":\"https:\\\/\\\/martina.vagacova.sk\\\/?s={search_term_string}\"},\"query-input\":{\"@type\":\"PropertyValueSpecification\",\"valueRequired\":true,\"valueName\":\"search_term_string\"}}],\"inLanguage\":\"sk-SK\"},{\"@type\":\"Organization\",\"@id\":\"https:\\\/\\\/martina.vagacova.sk\\\/#organization\",\"name\":\"Martina Vaga\u010dov\u00e1\",\"url\":\"https:\\\/\\\/martina.vagacova.sk\\\/\",\"logo\":{\"@type\":\"ImageObject\",\"inLanguage\":\"sk-SK\",\"@id\":\"https:\\\/\\\/martina.vagacova.sk\\\/#\\\/schema\\\/logo\\\/image\\\/\",\"url\":\"https:\\\/\\\/martina.vagacova.sk\\\/wp-content\\\/uploads\\\/2019\\\/12\\\/cropped-Dom\u010dek-so-srdcom-1.jpg\",\"contentUrl\":\"https:\\\/\\\/martina.vagacova.sk\\\/wp-content\\\/uploads\\\/2019\\\/12\\\/cropped-Dom\u010dek-so-srdcom-1.jpg\",\"width\":211,\"height\":185,\"caption\":\"Martina Vaga\u010dov\u00e1\"},\"image\":{\"@id\":\"https:\\\/\\\/martina.vagacova.sk\\\/#\\\/schema\\\/logo\\\/image\\\/\"}}]}<\/script>\n<!-- \/ Yoast SEO plugin. -->","yoast_head_json":{"title":"My account - Martina Vaga\u010dov\u00e1","robots":{"index":"index","follow":"follow","max-snippet":"max-snippet:-1","max-image-preview":"max-image-preview:large","max-video-preview":"max-video-preview:-1"},"canonical":"https:\/\/martina.vagacova.sk\/?page_id=393","og_locale":"sk_SK","og_type":"article","og_title":"My account - Martina Vaga\u010dov\u00e1","og_url":"https:\/\/martina.vagacova.sk\/?page_id=393","og_site_name":"Martina Vaga\u010dov\u00e1","article_modified_time":"2019-11-24T15:57:11+00:00","twitter_card":"summary_large_image","schema":{"@context":"https:\/\/schema.org","@graph":[{"@type":"WebPage","@id":"https:\/\/martina.vagacova.sk\/?page_id=393","url":"https:\/\/martina.vagacova.sk\/?page_id=393","name":"My account - Martina Vaga\u010dov\u00e1","isPartOf":{"@id":"https:\/\/martina.vagacova.sk\/#website"},"datePublished":"2019-03-29T07:46:17+00:00","dateModified":"2019-11-24T15:57:11+00:00","breadcrumb":{"@id":"https:\/\/martina.vagacova.sk\/?page_id=393#breadcrumb"},"inLanguage":"sk-SK","potentialAction":[{"@type":"ReadAction","target":["https:\/\/martina.vagacova.sk\/?page_id=393"]}]},{"@type":"BreadcrumbList","@id":"https:\/\/martina.vagacova.sk\/?page_id=393#breadcrumb","itemListElement":[{"@type":"ListItem","position":1,"name":"Home","item":"https:\/\/martina.vagacova.sk\/"},{"@type":"ListItem","position":2,"name":"My account"}]},{"@type":"WebSite","@id":"https:\/\/martina.vagacova.sk\/#website","url":"https:\/\/martina.vagacova.sk\/","name":"Martina Vaga\u010dov\u00e1","description":"rodi\u010dovsk\u00e9 poradenstvo","publisher":{"@id":"https:\/\/martina.vagacova.sk\/#organization"},"potentialAction":[{"@type":"SearchAction","target":{"@type":"EntryPoint","urlTemplate":"https:\/\/martina.vagacova.sk\/?s={search_term_string}"},"query-input":{"@type":"PropertyValueSpecification","valueRequired":true,"valueName":"search_term_string"}}],"inLanguage":"sk-SK"},{"@type":"Organization","@id":"https:\/\/martina.vagacova.sk\/#organization","name":"Martina Vaga\u010dov\u00e1","url":"https:\/\/martina.vagacova.sk\/","logo":{"@type":"ImageObject","inLanguage":"sk-SK","@id":"https:\/\/martina.vagacova.sk\/#\/schema\/logo\/image\/","url":"https:\/\/martina.vagacova.sk\/wp-content\/uploads\/2019\/12\/cropped-Dom\u010dek-so-srdcom-1.jpg","contentUrl":"https:\/\/martina.vagacova.sk\/wp-content\/uploads\/2019\/12\/cropped-Dom\u010dek-so-srdcom-1.jpg","width":211,"height":185,"caption":"Martina Vaga\u010dov\u00e1"},"image":{"@id":"https:\/\/martina.vagacova.sk\/#\/schema\/logo\/image\/"}}]}},"uagb_featured_image_src":{"full":false,"thumbnail":false,"medium":false,"medium_large":false,"large":false,"1536x1536":false,"2048x2048":false,"woocommerce_thumbnail":false,"woocommerce_single":false,"woocommerce_gallery_thumbnail":false},"uagb_author_info":{"display_name":"mato","author_link":"https:\/\/martina.vagacova.sk\/?author=1"},"uagb_comment_info":0,"uagb_excerpt":null,"_links":{"self":[{"href":"https:\/\/martina.vagacova.sk\/index.php?rest_route=\/wp\/v2\/pages\/393","targetHints":{"allow":["GET"]}}],"collection":[{"href":"https:\/\/martina.vagacova.sk\/index.php?rest_route=\/wp\/v2\/pages"}],"about":[{"href":"https:\/\/martina.vagacova.sk\/index.php?rest_route=\/wp\/v2\/types\/page"}],"author":[{"embeddable":true,"href":"https:\/\/martina.vagacova.sk\/index.php?rest_route=\/wp\/v2\/users\/1"}],"replies":[{"embeddable":true,"href":"https:\/\/martina.vagacova.sk\/index.php?rest_route=%2Fwp%2Fv2%2Fcomments&post=393"}],"version-history":[{"count":1,"href":"https:\/\/martina.vagacova.sk\/index.php?rest_route=\/wp\/v2\/pages\/393\/revisions"}],"predecessor-version":[{"id":785,"href":"https:\/\/martina.vagacova.sk\/index.php?rest_route=\/wp\/v2\/pages\/393\/revisions\/785"}],"wp:attachment":[{"href":"https:\/\/martina.vagacova.sk\/index.php?rest_route=%2Fwp%2Fv2%2Fmedia&parent=393"}],"curies":[{"name":"wp","href":"https:\/\/api.w.org\/{rel}","templated":true}]}}